{"id":10087,"date":"2024-06-20T18:12:26","date_gmt":"2024-06-20T18:12:26","guid":{"rendered":"https:\/\/skat.badm.dev\/kurse-schulungen\/"},"modified":"2025-01-31T14:33:43","modified_gmt":"2025-01-31T14:33:43","slug":"kurse-schulungen","status":"publish","type":"page","link":"https:\/\/skat.badm.dev\/de\/kurse-schulungen\/","title":{"rendered":"Kurse &amp; Schulungen"},"content":{"rendered":"<p>[et_pb_section fb_built=&#8220;1&#8243; admin_label=&#8220;Herosection&#8220; _builder_version=&#8220;4.25.2&#8243; _module_preset=&#8220;cdb46594-af72-4164-96ba-4682d0b58e67&#8243; background_image=&#8220;https:\/\/skat.badm.dev\/wp-content\/uploads\/2024\/06\/iStock-477437511_shrinked.png&#8220; background_enable_image=&#8220;on&#8220; background_position=&#8220;center&#8220; saved_tabs=&#8220;all&#8220; global_colors_info=&#8220;{}&#8220;][et_pb_row admin_label=&#8220;Titlerow&#8220; _builder_version=&#8220;4.24.3&#8243; _module_preset=&#8220;e82a1d3e-eb9d-4ae2-bb7a-5aba9e3e9e95&#8243; vertical_offset_phone=&#8220;200px&#8220; vertical_offset_last_edited=&#8220;off|desktop&#8220; position_origin_a_phone=&#8220;bottom_center&#8220; position_origin_a_last_edited=&#8220;off|desktop&#8220; position_origin_f_last_edited=&#8220;off|desktop&#8220; position_origin_r_last_edited=&#8220;off|desktop&#8220; custom_margin_tablet=&#8220;50px||||false|false&#8220; custom_margin_phone=&#8220;50px|125px|||false|false&#8220; custom_margin_last_edited=&#8220;off|phone&#8220; positioning_phone=&#8220;absolute&#8220; positioning_last_edited=&#8220;off|desktop&#8220; global_colors_info=&#8220;{}&#8220;][et_pb_column type=&#8220;4_4&#8243; _builder_version=&#8220;4.24.0&#8243; _module_preset=&#8220;default&#8220; global_colors_info=&#8220;{}&#8220;][et_pb_text admin_label=&#8220;Pagetitle&#8220; _builder_version=&#8220;4.24.3&#8243; _module_preset=&#8220;f526f6b6-a8be-4f88-806b-391d0f36f672&#8243; width_last_edited=&#8220;off|phone&#8220; max_width_tablet=&#8220;&#8220; max_width_phone=&#8220;&#8220; max_width_last_edited=&#8220;on|phone&#8220; global_colors_info=&#8220;{}&#8220;]<\/p>\n<h1>Kurse &amp; Schulungen<\/h1>\n<p>[\/et_pb_text][et_pb_divider show_divider=&#8220;off&#8220; _builder_version=&#8220;4.24.3&#8243; _module_preset=&#8220;f2622e04-3747-4759-b141-b65589ac30e3&#8243; global_colors_info=&#8220;{}&#8220;][\/et_pb_divider][\/et_pb_column][\/et_pb_row][et_pb_row admin_label=&#8220;Iconrow&#8220; _builder_version=&#8220;4.24.3&#8243; _module_preset=&#8220;0c6bb2d8-2a88-4947-88a1-5826927ddf8b&#8220; global_colors_info=&#8220;{}&#8220;][et_pb_column type=&#8220;4_4&#8243; _builder_version=&#8220;4.24.0&#8243; _module_preset=&#8220;default&#8220; global_colors_info=&#8220;{}&#8220;][et_pb_icon font_icon=&#8220;&#x37;||divi||400&#8243; admin_label=&#8220;ArrowIcon&#8220; _builder_version=&#8220;4.24.3&#8243; _module_preset=&#8220;0269a36f-face-4a61-8895-47033140a0ea&#8220; global_colors_info=&#8220;{}&#8220;][\/et_pb_icon][\/et_pb_column][\/et_pb_row][\/et_pb_section][et_pb_section fb_built=&#8220;1&#8243; disabled_on=&#8220;on|on|off&#8220; admin_label=&#8220;Donate Now CTA&#8220; _builder_version=&#8220;4.24.3&#8243; _dynamic_attributes=&#8220;link_option_url&#8220; background_color=&#8220;RGBA(255,255,255,0)&#8220; positioning=&#8220;fixed&#8220; position_origin_f=&#8220;bottom_right&#8220; z_index=&#8220;200&#8243; max_width=&#8220;275px&#8220; max_height=&#8220;280px&#8220; display_conditions=&#8220;W10=&#8220; custom_margin=&#8220;0px|0px|0px|0px|false|false&#8220; custom_padding=&#8220;0px|0px|100px|0px|false|false&#8220; link_option_url=&#8220;@ET-DC@eyJkeW5hbWljIjp0cnVlLCJjb250ZW50IjoicG9zdF9saW5rX3VybF9wYWdlIiwic2V0dGluZ3MiOnsicG9zdF9pZCI6IjM4MTEiLCJlbmFibGVfaHRtbCI6Im9mZiJ9fQ==@&#8220; link_option_url_new_window=&#8220;on&#8220; global_module=&#8220;1868&#8243; locked=&#8220;off&#8220; collapsed=&#8220;off&#8220; global_colors_info=&#8220;{}&#8220;][et_pb_row _builder_version=&#8220;4.24.3&#8243; _module_preset=&#8220;default&#8220; global_colors_info=&#8220;{}&#8220;][et_pb_column type=&#8220;4_4&#8243; _builder_version=&#8220;4.24.3&#8243; _module_preset=&#8220;default&#8220; global_colors_info=&#8220;{}&#8220;][et_pb_image src=&#8220;https:\/\/skat.badm.dev\/wp-content\/uploads\/2024\/06\/donatebutton.png&#8220; title_text=&#8220;Spendentaste&#8220; align=&#8220;right&#8220; _builder_version=&#8220;4.24.3&#8243; _module_preset=&#8220;default&#8220; width=&#8220;80%&#8220; global_colors_info=&#8220;{}&#8220;][\/et_pb_image][\/et_pb_column][\/et_pb_row][\/et_pb_section][et_pb_section fb_built=&#8220;1&#8243; admin_label=&#8220;Leadtext Section&#8220; _builder_version=&#8220;4.24.3&#8243; display_conditions=&#8220;W10=&#8220; locked=&#8220;off&#8220; global_colors_info=&#8220;{}&#8220;][et_pb_row admin_label=&#8220;Bleicontainer&#8220; _builder_version=&#8220;4.24.3&#8243; _module_preset=&#8220;default&#8220; global_colors_info=&#8220;{}&#8220;][et_pb_column type=&#8220;4_4&#8243; _builder_version=&#8220;4.24.0&#8243; _module_preset=&#8220;default&#8220; global_colors_info=&#8220;{}&#8220;][et_pb_text admin_label=&#8220;Leadtext&#8220; _builder_version=&#8220;4.25.2&#8243; _module_preset=&#8220;56b69a45-5883-4882-b1de-24694f971fdc&#8220; module_alignment=&#8220;center&#8220; global_colors_info=&#8220;{}&#8220;]<\/p>\n<h3>Unsere Programme umfassen eine Vielzahl von Kursen zur nachhaltigen Entwicklung, wie z.B. erneuerbare Energien, professionelles Bohren, Abfallmanagement und Wasseraufbereitung. Wir bieten auch Online-Webinare und Workshops f\u00fcr flexibles Lernen an. Bleiben Sie auf dem Laufenden mit unseren News-Artikeln \u00fcber Schulungserfolge und erkunden Sie unsere Kurse, um das perfekte Angebot f\u00fcr Ihre berufliche Weiterentwicklung zu finden.  <\/h3>\n<p>[\/et_pb_text][\/et_pb_column][\/et_pb_row][\/et_pb_section][et_pb_section fb_built=&#8220;1&#8243; _builder_version=&#8220;4.24.3&#8243; _module_preset=&#8220;default&#8220; background_enable_color=&#8220;off&#8220; global_colors_info=&#8220;{}&#8220;][et_pb_row _builder_version=&#8220;4.24.3&#8243; _module_preset=&#8220;default&#8220; global_colors_info=&#8220;{}&#8220;][et_pb_column type=&#8220;4_4&#8243; _builder_version=&#8220;4.24.3&#8243; _module_preset=&#8220;default&#8220; global_colors_info=&#8220;{}&#8220;][et_pb_code _builder_version=&#8220;4.24.3&#8243; _module_preset=&#8220;default&#8220; global_colors_info=&#8220;{}&#8220;]<div class=\"facetwp-template\" data-name=\"courses_trainings\"><div class=\"fwpl-layout el-hkhimk\"><\/div>\n<style>\n.fwpl-layout, .fwpl-row {\n    display: grid;\n}\n.fwpl-layout.el-hkhimk {\n    grid-template-columns: repeat(1, 1fr);\n    grid-gap: 10px;\n}\n.fwpl-btn {\n    text-decoration: none;\n}\n.fwpl-layout.el-hkhimk .fwpl-result {\n    background-color: #ffffff;\n}\n@media (max-width: 480px) { \n    body .facetwp-template .fwpl-layout,  \n    body .facetwp-template-static .fwpl-layout { grid-template-columns: 1fr; } \n} \n\n<\/style>\n<\/div>[\/et_pb_code][\/et_pb_column][\/et_pb_row][\/et_pb_section]<\/p>\n","protected":false},"excerpt":{"rendered":"<p>Kurse &amp; SchulungenUnsere Programme umfassen eine Vielzahl von Kursen zur nachhaltigen Entwicklung, wie z.B. erneuerbare Energien, professionelles Bohren, Abfallmanagement und Wasseraufbereitung. Wir bieten auch Online-Webinare und Workshops f\u00fcr flexibles Lernen an. Bleiben Sie auf dem Laufenden mit unseren News-Artikeln \u00fcber Schulungserfolge und erkunden Sie unsere Kurse, um das perfekte Angebot f\u00fcr Ihre berufliche Weiterentwicklung zu [&hellip;]<\/p>\n","protected":false},"author":3,"featured_media":0,"parent":0,"menu_order":0,"comment_status":"closed","ping_status":"closed","template":"","meta":{"_acf_changed":false,"_et_pb_use_builder":"on","_et_pb_old_content":"","_et_gb_content_width":"","footnotes":""},"class_list":["post-10087","page","type-page","status-publish","hentry"],"acf":[],"_links":{"self":[{"href":"https:\/\/skat.badm.dev\/de\/wp-json\/wp\/v2\/pages\/10087","targetHints":{"allow":["GET"]}}],"collection":[{"href":"https:\/\/skat.badm.dev\/de\/wp-json\/wp\/v2\/pages"}],"about":[{"href":"https:\/\/skat.badm.dev\/de\/wp-json\/wp\/v2\/types\/page"}],"author":[{"embeddable":true,"href":"https:\/\/skat.badm.dev\/de\/wp-json\/wp\/v2\/users\/3"}],"replies":[{"embeddable":true,"href":"https:\/\/skat.badm.dev\/de\/wp-json\/wp\/v2\/comments?post=10087"}],"version-history":[{"count":2,"href":"https:\/\/skat.badm.dev\/de\/wp-json\/wp\/v2\/pages\/10087\/revisions"}],"predecessor-version":[{"id":10089,"href":"https:\/\/skat.badm.dev\/de\/wp-json\/wp\/v2\/pages\/10087\/revisions\/10089"}],"wp:attachment":[{"href":"https:\/\/skat.badm.dev\/de\/wp-json\/wp\/v2\/media?parent=10087"}],"curies":[{"name":"wp","href":"https:\/\/api.w.org\/{rel}","templated":true}]}}